{"id":17,"date":"2021-09-13T16:38:29","date_gmt":"2021-09-13T14:38:29","guid":{"rendered":"http:\/\/jcmassinon.com\/?page_id=17"},"modified":"2021-09-18T01:24:55","modified_gmt":"2021-09-17T23:24:55","slug":"lassociation","status":"publish","type":"page","link":"http:\/\/jcmassinon.com\/?page_id=17","title":{"rendered":"L&rsquo;association"},"content":{"rendered":"\r\n<p>L\u2019Association Jean-Christophe Massinon (Loi 1901) a \u00e9t\u00e9 cr\u00e9\u00e9e le 17 d\u00e9cembre 2011. Elle a pour objet la conservation et la diffusion de l\u2019\u0153uvre de Jean-Christophe Massinon.<\/p>\r\n\r\n\r\n\r\n<p>Elle agit au travers de\u00a0 la r\u00e9alisation et publication d\u2019ouvrages, l\u2019organisation d\u2019expositions. Elle encourage la diffusion du travail de Jean-Christophe dans les espaces de l\u2019art, de la culture et de l\u2019enseignement. Elle peut \u00e9galement soutenir la r\u00e9activation de performances, interventions et installations in-situ ainsi que la post-production d\u2019\u0153uvres initialement con\u00e7ues par Jean-Christophe Massinon. Elle communique via un site Internet et des outils de diffusion en ligne.<\/p>\r\n\r\n\r\n\r\n\r\n\r\n<p><strong>Nous contacter<\/strong> : \u00a0<a href=\"mailto:jcmassinon@yahoo.fr\">jcmassinon@yahoo.fr<\/a><\/p>\r\n\r\n\r\n","protected":false},"excerpt":{"rendered":"<p>L\u2019Association Jean-Christophe Massinon (Loi 1901) a \u00e9t\u00e9 cr\u00e9\u00e9e le 17 d\u00e9cembre 2011. Elle a pour objet la conservation et la diffusion de l\u2019\u0153uvre de Jean-Christophe Massinon. Elle agit au travers de\u00a0 la r\u00e9alisation et publication d\u2019ouvrages, l\u2019organisation d\u2019expositions. Elle encourage la diffusion du travail de Jean-Christophe dans les espaces de l\u2019art, de la culture et &hellip; <\/p>\n<p class=\"link-more\"><a href=\"http:\/\/jcmassinon.com\/?page_id=17\" class=\"more-link\">Continuer la lecture<span class=\"screen-reader-text\"> de &laquo;&nbsp;L&rsquo;association&nbsp;&raquo;<\/span><\/a><\/p>\n","protected":false},"author":1,"featured_media":0,"parent":72,"menu_order":0,"comment_status":"closed","ping_status":"closed","template":"","meta":[],"_links":{"self":[{"href":"http:\/\/jcmassinon.com\/index.php?rest_route=\/wp\/v2\/pages\/17"}],"collection":[{"href":"http:\/\/jcmassinon.com\/index.php?rest_route=\/wp\/v2\/pages"}],"about":[{"href":"http:\/\/jcmassinon.com\/index.php?rest_route=\/wp\/v2\/types\/page"}],"author":[{"embeddable":true,"href":"http:\/\/jcmassinon.com\/index.php?rest_route=\/wp\/v2\/users\/1"}],"replies":[{"embeddable":true,"href":"http:\/\/jcmassinon.com\/index.php?rest_route=%2Fwp%2Fv2%2Fcomments&post=17"}],"version-history":[{"count":6,"href":"http:\/\/jcmassinon.com\/index.php?rest_route=\/wp\/v2\/pages\/17\/revisions"}],"predecessor-version":[{"id":411,"href":"http:\/\/jcmassinon.com\/index.php?rest_route=\/wp\/v2\/pages\/17\/revisions\/411"}],"up":[{"embeddable":true,"href":"http:\/\/jcmassinon.com\/index.php?rest_route=\/wp\/v2\/pages\/72"}],"wp:attachment":[{"href":"http:\/\/jcmassinon.com\/index.php?rest_route=%2Fwp%2Fv2%2Fmedia&parent=17"}],"curies":[{"name":"wp","href":"https:\/\/api.w.org\/{rel}","templated":true}]}}