{"id":22,"date":"2021-09-13T16:40:42","date_gmt":"2021-09-13T14:40:42","guid":{"rendered":"http:\/\/jcmassinon.com\/?page_id=22"},"modified":"2021-09-16T12:43:12","modified_gmt":"2021-09-16T10:43:12","slug":"grande-fantaisie-nancy-2010","status":"publish","type":"page","link":"http:\/\/jcmassinon.com\/?page_id=22","title":{"rendered":"Grande fantaisie, Nancy, 2010"},"content":{"rendered":"\r\n<p><img loading=\"lazy\" class=\"alignnone size-full wp-image-134\" src=\"http:\/\/jcmassinon.com\/wp-content\/uploads\/2021\/09\/unnamed-16.jpg\" alt=\"\" width=\"980\" height=\"653\" srcset=\"http:\/\/jcmassinon.com\/wp-content\/uploads\/2021\/09\/unnamed-16.jpg 980w, http:\/\/jcmassinon.com\/wp-content\/uploads\/2021\/09\/unnamed-16-300x200.jpg 300w, http:\/\/jcmassinon.com\/wp-content\/uploads\/2021\/09\/unnamed-16-768x512.jpg 768w\" sizes=\"(max-width: 706px) 89vw, (max-width: 767px) 82vw, 740px\" \/>Pour cette exposition, Massinon adopte une technique qu\u2019il a peu exp\u00e9riment\u00e9e jusqu\u2019alors, l\u2019aquarelle sur papier, pour \u00ab aller plus vite \u00bb dit-il. Encore dans l\u2019\u00e9nergie d\u2019un voyage qu\u2019il vient de faire \u00e0 New York et avec seulement deux semaines en r\u00e9sidence pour pr\u00e9parer l\u2019exposition, il travaille avec fi\u00e8vre. Outre les motifs d\u00e9j\u00e0 \u00e9prouv\u00e9s comme le C\u0153ur ou le Diamant, de nouveaux motifs, tel le Poing am\u00e9ricain, apparaissent. Les blasons \u00e0 rubans, les motifs d\u00e9coratifs v\u00e9g\u00e9talisant, les typographies inspir\u00e9es des enseignes am\u00e9ricaines surann\u00e9es, les croquis anatomiques, les silhouettes des amis ou des personnes simplement crois\u00e9es dans la rue\u2026 tout s\u2019additionne. Concevant, comme toujours, l\u2019espace d\u2019exposition dans sa globalit\u00e9, il y fait entrer un pied de biche de 6 m de long, version 3D des s\u00e9ries de pictogrammes \u00e0 larges contours noirs qu\u2019il d\u00e9cline depuis les ann\u00e9es 90.<\/p>\r\n\r\n\r\n\r\n<p>Dans les th\u00e8mes, on lit son engagement, &#8211; le pied de biche g\u00e9ant ouvrira la porte d\u2019une mairie locale ferm\u00e9e \u00e0 l\u2019art contemporain -, est aussi une noirceur peu habituelle chez l\u2019artiste (<em>Boredom, Naus\u00e9e, Desperate kingdom, Failure, Meeting<\/em>\u2026). De cette s\u00e9rie produite en un \u00e9clair, on retient l\u2019intensit\u00e9, qui se d\u00e9gage des rayons lanc\u00e9s par le c\u0153ur de <em>Glow in the dark<\/em>, et qui pr\u00e9figure l\u2019exposition qui va suivre \u00ab High voltage \u00bb (Haute tension).<\/p>\r\n\r\n\r\n\r\n<p>Une exposition pr\u00e9sent\u00e9e \u00e0 la Maison*Atelier, MJC des Trois Maisons \u00e0 Nancy du 1er au 14 novembre 2010, suite \u00e0 une r\u00e9sidence (programme \u201cPetites formules de l\u2019A\u201d).\u00a0<\/p>\r\n\r\n\r\n\r\n\r\n\r\n\r\n\r\n<p><a href=\"http:\/\/www.flickr.com\/photos\/jcmassinon\/sets\/72157629142747929\">L\u2019album photo de l\u2019exposition Grande fantaisie<\/a><br \/><a href=\"http:\/\/alamaisonatelier.blogspot.com\/\">Le site des Petites formules de l\u2019A.<\/a><br \/><a href=\"http:\/\/www.flickr.com\/photos\/jcmassinon\/sets\/72157629259395781\/\">L\u2019album de l\u2019exposition High voltage<\/a><\/p>\r\n\r\n\r\n\r\n\r\n","protected":false},"excerpt":{"rendered":"<p>Pour cette exposition, Massinon adopte une technique qu\u2019il a peu exp\u00e9riment\u00e9e jusqu\u2019alors, l\u2019aquarelle sur papier, pour \u00ab aller plus vite \u00bb dit-il. Encore dans l\u2019\u00e9nergie d\u2019un voyage qu\u2019il vient de faire \u00e0 New York et avec seulement deux semaines en r\u00e9sidence pour pr\u00e9parer l\u2019exposition, il travaille avec fi\u00e8vre. Outre les motifs d\u00e9j\u00e0 \u00e9prouv\u00e9s comme le &hellip; <\/p>\n<p class=\"link-more\"><a href=\"http:\/\/jcmassinon.com\/?page_id=22\" class=\"more-link\">Continuer la lecture<span class=\"screen-reader-text\"> de &laquo;&nbsp;Grande fantaisie, Nancy, 2010&nbsp;&raquo;<\/span><\/a><\/p>\n","protected":false},"author":1,"featured_media":0,"parent":36,"menu_order":1,"comment_status":"closed","ping_status":"closed","template":"","meta":[],"_links":{"self":[{"href":"http:\/\/jcmassinon.com\/index.php?rest_route=\/wp\/v2\/pages\/22"}],"collection":[{"href":"http:\/\/jcmassinon.com\/index.php?rest_route=\/wp\/v2\/pages"}],"about":[{"href":"http:\/\/jcmassinon.com\/index.php?rest_route=\/wp\/v2\/types\/page"}],"author":[{"embeddable":true,"href":"http:\/\/jcmassinon.com\/index.php?rest_route=\/wp\/v2\/users\/1"}],"replies":[{"embeddable":true,"href":"http:\/\/jcmassinon.com\/index.php?rest_route=%2Fwp%2Fv2%2Fcomments&post=22"}],"version-history":[{"count":7,"href":"http:\/\/jcmassinon.com\/index.php?rest_route=\/wp\/v2\/pages\/22\/revisions"}],"predecessor-version":[{"id":308,"href":"http:\/\/jcmassinon.com\/index.php?rest_route=\/wp\/v2\/pages\/22\/revisions\/308"}],"up":[{"embeddable":true,"href":"http:\/\/jcmassinon.com\/index.php?rest_route=\/wp\/v2\/pages\/36"}],"wp:attachment":[{"href":"http:\/\/jcmassinon.com\/index.php?rest_route=%2Fwp%2Fv2%2Fmedia&parent=22"}],"curies":[{"name":"wp","href":"https:\/\/api.w.org\/{rel}","templated":true}]}}