{"id":24,"date":"2021-09-13T16:41:19","date_gmt":"2021-09-13T14:41:19","guid":{"rendered":"http:\/\/jcmassinon.com\/?page_id=24"},"modified":"2021-09-15T13:15:54","modified_gmt":"2021-09-15T11:15:54","slug":"salle-des-pendus-centre-pompidou-metz-2010","status":"publish","type":"page","link":"http:\/\/jcmassinon.com\/?page_id=24","title":{"rendered":"Salle des pendus, Centre Pompidou-Metz, 2010"},"content":{"rendered":"\r\n<p><img loading=\"lazy\" class=\"alignnone size-full wp-image-135\" src=\"http:\/\/jcmassinon.com\/wp-content\/uploads\/2021\/09\/unnamed-17.jpg\" alt=\"\" width=\"980\" height=\"652\" srcset=\"http:\/\/jcmassinon.com\/wp-content\/uploads\/2021\/09\/unnamed-17.jpg 980w, http:\/\/jcmassinon.com\/wp-content\/uploads\/2021\/09\/unnamed-17-300x200.jpg 300w, http:\/\/jcmassinon.com\/wp-content\/uploads\/2021\/09\/unnamed-17-768x511.jpg 768w\" sizes=\"(max-width: 706px) 89vw, (max-width: 767px) 82vw, 740px\" \/><\/p>\r\n<p>En 2010, Jean-Christophe Massinon inaugure le Foyer du nouveau Centre Pompidou-Metz avec la <em>Salle des Pendus,<\/em> avec un papier peint sur mesure qui reproduit un motif de crochets suspendus \u00e0 des cha\u00eenes, \u00e9vocation des vestiaires des mineurs.<\/p>\r\n\r\n\r\n\r\n<p><strong>Extrait du catalogue inaugural du Centre Pompidou-Metz<\/strong>\u00a0<br \/><em>Point d\u2019amertume dans cette r\u00e9v\u00e9rence \u00e0 un pass\u00e9 d\u00e9sormais pacifi\u00e9. Jouant des profondeurs de champs et des hauteurs de plafond, son travail investit la quasi totalit\u00e9 de l\u2019espace et remanie dans ce nouveau lieu de culture ce symbole d\u2019une histoire particuli\u00e8re. Cha\u00eenes, crochets et paniers des vestiaires historiques des mines sont utilis\u00e9 ici comme motif s\u00e9rial, monumentalis\u00e9 jusqu\u2019\u00e0 l\u2019abstraction.<\/em><\/p>\r\n\r\n\r\n\r\n\r\n\r\n<p><strong>Cycle de commandes Papiers peints d\u2019artistes<br \/><\/strong>Espace d\u2019attente et de circulation entre le Studio et l\u2019Auditorium du Centre Pompidou-Metz, le Foyer fera l\u2019objet de commandes r\u00e9guli\u00e8res. Le lieu, tr\u00e8s fr\u00e9quent\u00e9 en raison de son emplacement spatial, sera enti\u00e8rement d\u00e9di\u00e9 \u00e0 une pratique et tradition vieille de 600 ans qui conna\u00eet un grand regain d\u2019int\u00e9r\u00eat dans le milieu de la cr\u00e9ation contemporaine : le papier peint. Des artistes tels Claude Closky, Mai-Thu Perret, Pierre Bismuth ou encore Olivier Mosset s\u2019y sont derni\u00e8rement essay\u00e9s.<\/p>\r\n\r\n\r\n\r\n\r\n\r\n<p><a href=\"http:\/\/www.flickr.com\/photos\/jcmassinon\/sets\/72157629142787529\">L\u2019album de la Salle des Pendus<\/a><br \/><a href=\"http:\/\/www.centrepompidou-metz.fr\/\">Le site du Centre Pompidou-Metz<\/a><\/p>\r\n\r\n\r\n","protected":false},"excerpt":{"rendered":"<p>En 2010, Jean-Christophe Massinon inaugure le Foyer du nouveau Centre Pompidou-Metz avec la Salle des Pendus, avec un papier peint sur mesure qui reproduit un motif de crochets suspendus \u00e0 des cha\u00eenes, \u00e9vocation des vestiaires des mineurs. Extrait du catalogue inaugural du Centre Pompidou-Metz\u00a0Point d\u2019amertume dans cette r\u00e9v\u00e9rence \u00e0 un pass\u00e9 d\u00e9sormais pacifi\u00e9. Jouant des &hellip; <\/p>\n<p class=\"link-more\"><a href=\"http:\/\/jcmassinon.com\/?page_id=24\" class=\"more-link\">Continuer la lecture<span class=\"screen-reader-text\"> de &laquo;&nbsp;Salle des pendus, Centre Pompidou-Metz, 2010&nbsp;&raquo;<\/span><\/a><\/p>\n","protected":false},"author":1,"featured_media":0,"parent":110,"menu_order":2,"comment_status":"closed","ping_status":"closed","template":"","meta":[],"_links":{"self":[{"href":"http:\/\/jcmassinon.com\/index.php?rest_route=\/wp\/v2\/pages\/24"}],"collection":[{"href":"http:\/\/jcmassinon.com\/index.php?rest_route=\/wp\/v2\/pages"}],"about":[{"href":"http:\/\/jcmassinon.com\/index.php?rest_route=\/wp\/v2\/types\/page"}],"author":[{"embeddable":true,"href":"http:\/\/jcmassinon.com\/index.php?rest_route=\/wp\/v2\/users\/1"}],"replies":[{"embeddable":true,"href":"http:\/\/jcmassinon.com\/index.php?rest_route=%2Fwp%2Fv2%2Fcomments&post=24"}],"version-history":[{"count":3,"href":"http:\/\/jcmassinon.com\/index.php?rest_route=\/wp\/v2\/pages\/24\/revisions"}],"predecessor-version":[{"id":191,"href":"http:\/\/jcmassinon.com\/index.php?rest_route=\/wp\/v2\/pages\/24\/revisions\/191"}],"up":[{"embeddable":true,"href":"http:\/\/jcmassinon.com\/index.php?rest_route=\/wp\/v2\/pages\/110"}],"wp:attachment":[{"href":"http:\/\/jcmassinon.com\/index.php?rest_route=%2Fwp%2Fv2%2Fmedia&parent=24"}],"curies":[{"name":"wp","href":"https:\/\/api.w.org\/{rel}","templated":true}]}}