{"id":28,"date":"2021-09-13T16:43:53","date_gmt":"2021-09-13T14:43:53","guid":{"rendered":"http:\/\/jcmassinon.com\/?page_id=28"},"modified":"2021-09-15T15:20:34","modified_gmt":"2021-09-15T13:20:34","slug":"heroes-agence-dart-contemporain-stephane-ackermann-luxembourg-29-sept-12-nov-2005","status":"publish","type":"page","link":"http:\/\/jcmassinon.com\/?page_id=28","title":{"rendered":"Heroes, Agence d\u2019art contemporain Stephane Ackermann, Luxembourg, 29 sept.-12 nov. 2005"},"content":{"rendered":"\r\n<p><img loading=\"lazy\" class=\"alignnone size-full wp-image-132\" src=\"http:\/\/jcmassinon.com\/wp-content\/uploads\/2021\/09\/unnamed-14.jpg\" alt=\"\" width=\"980\" height=\"963\" srcset=\"http:\/\/jcmassinon.com\/wp-content\/uploads\/2021\/09\/unnamed-14.jpg 980w, http:\/\/jcmassinon.com\/wp-content\/uploads\/2021\/09\/unnamed-14-300x295.jpg 300w, http:\/\/jcmassinon.com\/wp-content\/uploads\/2021\/09\/unnamed-14-768x755.jpg 768w\" sizes=\"(max-width: 706px) 89vw, (max-width: 767px) 82vw, 740px\" \/>Pour cette exposition, Massinon nous donne \u00e0 voir le monde quotidien \u00e0 travers son prisme personnel. Les amis sont magnifi\u00e9s : ils deviennent des \u00ab h\u00e9ros \u00bb et leurs attitudes sont des \u00ab paysages \u00bb. Les objets prennent vie : le volant de badmington est un oiseau <em>(birdy<\/em>), la chaise vole dans le d\u00e9cor, les lustres grandissent comme des v\u00e9g\u00e9taux (<em>Overgrown lights landscape<\/em>). Les plantes vertes deviennent folles, telles les feuilles du philodendron qui envahissent un pan de mur entier (<em>Crazy plant, Monstruosa landscape<\/em>). Quant aux supports, ils se t\u00e9lescopent : la sculpture <em>Motorcycle<\/em> est un dessin qui prend de l\u2019\u00e9paisseur et le volant de badmington \u00e9pouse le relief des murs de la galerie.<\/p>\r\n\r\n\r\n\r\n<p><strong>Extrait du dossier de l\u2019exposition<\/strong><br \/><br \/><em>Les peintures de Jean-Christophe Massinon regorgent d\u2019histoires, agenc\u00e9es selon un sc\u00e9nario dans lequel nous pouvons tous d\u00e9crocher un r\u00f4le. Telle la nouvelle s\u00e9rie de peintures r\u00e9unies sous le titre Heroes, \u00ab h\u00e9ros de tous les jours qui surmontent les \u00e9v\u00e9nements et les trag\u00e9dies de la vie de fa\u00e7on assez courageuse et anonyme finalement \u00bb, que l\u2019on peut d\u00e9couvrir chez Stephane Ackermann. Puisant son imagerie dans la vie quotidienne, Massinon nous donne \u00e0 voir des situations famili\u00e8res, d\u00e9nu\u00e9es de d\u00e9tails superflus; il met en sc\u00e8ne des personnages, des \u00e9l\u00e9ments naturels et autres objets du quotidien. Surgit, ici, un groupe de filles en transit, l\u00e0, un \u00abskaterboy\u00bb assoupi, ou encore un jeune homme agenouill\u00e9 dans un parterre de fleurs. D\u2019une simplicit\u00e9 flagrante, Massinon jette un regard suspendu sur le monde qu\u2019il observe en guetteur avis\u00e9; il repr\u00e9sente la nature, la fragilit\u00e9 humaine, la libert\u00e9 intacte, les utopies et les r\u00eaves qui tracent de prometteuses perspectives. Il nous peint, dans notre ind\u00e9termination et notre universalit\u00e9. Ces silhouettes claires, ces personnages aux visages et aux corps lisses, peints avec des aplats de couleurs franches, mais sourdes \u00e9voquent, dans cette nouvelle s\u00e9rie, cette \u00e9motion qui nous habite parfois et que le doute amplifie. Sous l\u2019apparente l\u00e9g\u00e8ret\u00e9 des lignes et des espaces laiss\u00e9s comme valeur, l\u2019\u00e9vidence d\u2019un quotidien se dessine.<br \/><\/em>&#8212;<br \/><em>The paintings of Jean-Christophe Massinon are packed with stories, constructed around a scenario in which we can all get a part. Such as his new series of paintings gathered under the title Heroes, \u201cordinary heroes who overcome events and tragedies in quite a courageous and anonymous way after all\u201d, that one can see at St\u00e9phane Ackermann. Drawing his imagery from everyday life, Massinon depicts familiar situations, devoid of superfluous details; he presents individuals, natural elements and other ordinary objects. Appears, here, a group of girls in transit, there, a \u201cskaterboy\u201d dozing, or a young man being knelt in a flowerbed. Of a conspicuous simplicity, Massinon takes an arrested look at the world that he observes as a sensible beholder; he depicts nature, human frailty, unviolated freedom, utopian views and dreams that contrive a promising future. He paints us in our uncertainty and universality. These distinct shapes, these individuals with smooth faces and bodies, painted with clear, but subdued flat tints evoke, in this new series, this emotion that overwhelms us occasionally and which gets intensified through doubt. Beneath the apparent lightness of the lines and spaces, the evidence of everyday life is emerging. His statements are clear and yet Massinon arouses in an astonishing way curiosity and shows a \u201csensitive world, full of humaneness, generating contemplation, an indication that enables everyone to contribute to\u201d.<\/em><\/p>\r\n\r\n\r\n\r\n\r\n\r\n\r\n\r\n<p><a href=\"http:\/\/www.flickr.com\/photos\/jcmassinon\/sets\/72157629259938187\">L\u2019album Heroes<\/a><\/p>\r\n","protected":false},"excerpt":{"rendered":"<p>Pour cette exposition, Massinon nous donne \u00e0 voir le monde quotidien \u00e0 travers son prisme personnel. Les amis sont magnifi\u00e9s : ils deviennent des \u00ab h\u00e9ros \u00bb et leurs attitudes sont des \u00ab paysages \u00bb. Les objets prennent vie : le volant de badmington est un oiseau (birdy), la chaise vole dans le d\u00e9cor, les &hellip; <\/p>\n<p class=\"link-more\"><a href=\"http:\/\/jcmassinon.com\/?page_id=28\" class=\"more-link\">Continuer la lecture<span class=\"screen-reader-text\"> de &laquo;&nbsp;Heroes, Agence d\u2019art contemporain Stephane Ackermann, Luxembourg, 29 sept.-12 nov. 2005&nbsp;&raquo;<\/span><\/a><\/p>\n","protected":false},"author":1,"featured_media":0,"parent":36,"menu_order":4,"comment_status":"closed","ping_status":"closed","template":"","meta":[],"_links":{"self":[{"href":"http:\/\/jcmassinon.com\/index.php?rest_route=\/wp\/v2\/pages\/28"}],"collection":[{"href":"http:\/\/jcmassinon.com\/index.php?rest_route=\/wp\/v2\/pages"}],"about":[{"href":"http:\/\/jcmassinon.com\/index.php?rest_route=\/wp\/v2\/types\/page"}],"author":[{"embeddable":true,"href":"http:\/\/jcmassinon.com\/index.php?rest_route=\/wp\/v2\/users\/1"}],"replies":[{"embeddable":true,"href":"http:\/\/jcmassinon.com\/index.php?rest_route=%2Fwp%2Fv2%2Fcomments&post=28"}],"version-history":[{"count":3,"href":"http:\/\/jcmassinon.com\/index.php?rest_route=\/wp\/v2\/pages\/28\/revisions"}],"predecessor-version":[{"id":229,"href":"http:\/\/jcmassinon.com\/index.php?rest_route=\/wp\/v2\/pages\/28\/revisions\/229"}],"up":[{"embeddable":true,"href":"http:\/\/jcmassinon.com\/index.php?rest_route=\/wp\/v2\/pages\/36"}],"wp:attachment":[{"href":"http:\/\/jcmassinon.com\/index.php?rest_route=%2Fwp%2Fv2%2Fmedia&parent=28"}],"curies":[{"name":"wp","href":"https:\/\/api.w.org\/{rel}","templated":true}]}}