{"id":38,"date":"2021-09-13T16:50:17","date_gmt":"2021-09-13T14:50:17","guid":{"rendered":"http:\/\/jcmassinon.com\/?page_id=38"},"modified":"2021-09-13T21:58:40","modified_gmt":"2021-09-13T19:58:40","slug":"parade-du-graoully-metz-16-mai-2010","status":"publish","type":"page","link":"http:\/\/jcmassinon.com\/?page_id=38","title":{"rendered":"Parade du Graoully, Metz, 16 mai 2010"},"content":{"rendered":"\r\n<p><img loading=\"lazy\" class=\"alignnone size-full wp-image-130\" src=\"http:\/\/jcmassinon.com\/wp-content\/uploads\/2021\/09\/unnamed-12.jpg\" alt=\"\" width=\"980\" height=\"653\" srcset=\"http:\/\/jcmassinon.com\/wp-content\/uploads\/2021\/09\/unnamed-12.jpg 980w, http:\/\/jcmassinon.com\/wp-content\/uploads\/2021\/09\/unnamed-12-300x200.jpg 300w, http:\/\/jcmassinon.com\/wp-content\/uploads\/2021\/09\/unnamed-12-768x512.jpg 768w\" sizes=\"(max-width: 706px) 89vw, (max-width: 767px) 82vw, 740px\" \/><\/p>\r\n<p>\u00c0 l\u2019occasion de son inauguration, le Centre Pompidou-Metz a command\u00e9 \u00e0 Massinon un Graoully mobile. L\u2019artiste a con\u00e7u cette \u0153uvre avant tout comme un \u00e9v\u00e9nement festif et participatif. Chacun peut apporter sa contribution et des petits multiples sont largement distribu\u00e9s. Quant au Graoully, comme les autres dessins de Massinon devenus sculptures, il oscille entre deux dimensions.<\/p>\r\n\r\n\r\n\r\n<p>Le Graoully est un dragon tr\u00e8s connu dans l\u2019Est de la France. Son nom vient de l\u2019allemand \u00ab gr\u00e4ulich \u00bb, monstrueux. Plut\u00f4t m\u00e9chant, il aurait saccag\u00e9 Metz avant d\u2019en \u00eatre chass\u00e9 par Saint-Cl\u00e9ment, premier \u00e9v\u00eaque de la ville au III<sup>e<\/sup> si\u00e8cle. Le Graoully du XXI<sup>e<\/sup> si\u00e8cle imagin\u00e9 par Massinon est noir et blanc et mesure 28 m\u00e8tres de long. Il a s\u00e9journ\u00e9 quelques temps en Asie. La t\u00e2che rouge au milieu de son front nous indique qu\u2019il reste tr\u00e8s f\u00e2ch\u00e9.<\/p>\r\n\r\n\r\n\r\n<p>Le Graoully a parad\u00e9 dans les rues de Metz, en fanfare, port\u00e9 par 17 personnes, le dimanche 16 mai 2010, de la place d\u2019Armes jusqu\u2019au parvis du Centre Pompidou-Metz. T-shirts, autocollants et badges \u00e0 l\u2019effigie du monstre ont \u00e9t\u00e9 distribu\u00e9s, ainsi que des cr\u00e9celles et des langues de belle-m\u00e8re, pour \u00ab faire du bruit \u00bb. La parade \u00e9tait suivie d\u2019un pique-nique g\u00e9ant. Bref, les messins ont vaincu le monstre.<\/p>\r\n\r\n\r\n\r\n<p><a href=\"http:\/\/www.flickr.com\/photos\/jcmassinon\/sets\/72157629025804143\">L\u2019album Graoully<\/a><br \/><a href=\"http:\/\/www.flickr.com\/photos\/jcmassinon\/sets\/72157629213303953\/\">L\u2019album Sculptures<\/a><\/p>\r\n\r\n\r\n","protected":false},"excerpt":{"rendered":"<p>\u00c0 l\u2019occasion de son inauguration, le Centre Pompidou-Metz a command\u00e9 \u00e0 Massinon un Graoully mobile. L\u2019artiste a con\u00e7u cette \u0153uvre avant tout comme un \u00e9v\u00e9nement festif et participatif. Chacun peut apporter sa contribution et des petits multiples sont largement distribu\u00e9s. Quant au Graoully, comme les autres dessins de Massinon devenus sculptures, il oscille entre deux &hellip; <\/p>\n<p class=\"link-more\"><a href=\"http:\/\/jcmassinon.com\/?page_id=38\" class=\"more-link\">Continuer la lecture<span class=\"screen-reader-text\"> de &laquo;&nbsp;Parade du Graoully, Metz, 16 mai 2010&nbsp;&raquo;<\/span><\/a><\/p>\n","protected":false},"author":1,"featured_media":0,"parent":34,"menu_order":1,"comment_status":"closed","ping_status":"closed","template":"","meta":[],"_links":{"self":[{"href":"http:\/\/jcmassinon.com\/index.php?rest_route=\/wp\/v2\/pages\/38"}],"collection":[{"href":"http:\/\/jcmassinon.com\/index.php?rest_route=\/wp\/v2\/pages"}],"about":[{"href":"http:\/\/jcmassinon.com\/index.php?rest_route=\/wp\/v2\/types\/page"}],"author":[{"embeddable":true,"href":"http:\/\/jcmassinon.com\/index.php?rest_route=\/wp\/v2\/users\/1"}],"replies":[{"embeddable":true,"href":"http:\/\/jcmassinon.com\/index.php?rest_route=%2Fwp%2Fv2%2Fcomments&post=38"}],"version-history":[{"count":4,"href":"http:\/\/jcmassinon.com\/index.php?rest_route=\/wp\/v2\/pages\/38\/revisions"}],"predecessor-version":[{"id":159,"href":"http:\/\/jcmassinon.com\/index.php?rest_route=\/wp\/v2\/pages\/38\/revisions\/159"}],"up":[{"embeddable":true,"href":"http:\/\/jcmassinon.com\/index.php?rest_route=\/wp\/v2\/pages\/34"}],"wp:attachment":[{"href":"http:\/\/jcmassinon.com\/index.php?rest_route=%2Fwp%2Fv2%2Fmedia&parent=38"}],"curies":[{"name":"wp","href":"https:\/\/api.w.org\/{rel}","templated":true}]}}