{"id":40,"date":"2021-09-13T16:51:50","date_gmt":"2021-09-13T14:51:50","guid":{"rendered":"http:\/\/jcmassinon.com\/?page_id=40"},"modified":"2021-09-14T10:33:39","modified_gmt":"2021-09-14T08:33:39","slug":"stardust-lycee-technique-desch-sur-alzette-2009","status":"publish","type":"page","link":"http:\/\/jcmassinon.com\/?page_id=40","title":{"rendered":"Stardust, Lyc\u00e9e technique d\u2019Esch-sur-Alzette, 2009"},"content":{"rendered":"\r\n<p><img loading=\"lazy\" class=\"alignnone size-full wp-image-129\" src=\"http:\/\/jcmassinon.com\/wp-content\/uploads\/2021\/09\/unnamed-11.jpg\" alt=\"\" width=\"886\" height=\"590\" srcset=\"http:\/\/jcmassinon.com\/wp-content\/uploads\/2021\/09\/unnamed-11.jpg 886w, http:\/\/jcmassinon.com\/wp-content\/uploads\/2021\/09\/unnamed-11-300x200.jpg 300w, http:\/\/jcmassinon.com\/wp-content\/uploads\/2021\/09\/unnamed-11-768x511.jpg 768w\" sizes=\"(max-width: 706px) 89vw, (max-width: 767px) 82vw, 740px\" \/>En 2009, Massinon a con\u00e7u <em>Stardust<\/em>, poussi\u00e8re d\u2019\u00e9toile, une sculpture monumentale de 30 m\u00e8tres de long pour la fa\u00e7ade du Lyc\u00e9e technique d\u2019Esch-sur-Alzette au Luxembourg. Les courbes l\u00e9g\u00e8res et graphiques de cette structure occupent toute la fa\u00e7ade du b\u00e2timent sans en occulter le parti architectural. \u00c0 travers cette \u0153uvre bondissante et p\u00e9tillante, l\u2019artiste \u00e9voque l\u2019\u00e9nergie des jeunes lyc\u00e9ens, les espoirs qu\u2019ils fondent en l\u2019avenir, les al\u00e9as de leur vie future.<br \/>Cette \u0153uvre a \u00e9t\u00e9 con\u00e7ue dans le cadre du 1 % artistique, dispositif de soutien \u00e0 la cr\u00e9ation qui consiste \u00e0 r\u00e9server un pourcentage du budget de la construction d\u2019un b\u00e2timent public \u00e0 la r\u00e9alisation d\u2019une \u0153uvre d\u2019art contemporain.<\/p>\r\n\r\n\r\n\r\n\r\n\r\n<p><a href=\"http:\/\/www.flickr.com\/photos\/jcmassinon\/sets\/72157628158751199\/\">Album Stardust<\/a><\/p>\r\n","protected":false},"excerpt":{"rendered":"<p>En 2009, Massinon a con\u00e7u Stardust, poussi\u00e8re d\u2019\u00e9toile, une sculpture monumentale de 30 m\u00e8tres de long pour la fa\u00e7ade du Lyc\u00e9e technique d\u2019Esch-sur-Alzette au Luxembourg. Les courbes l\u00e9g\u00e8res et graphiques de cette structure occupent toute la fa\u00e7ade du b\u00e2timent sans en occulter le parti architectural. \u00c0 travers cette \u0153uvre bondissante et p\u00e9tillante, l\u2019artiste \u00e9voque l\u2019\u00e9nergie &hellip; <\/p>\n<p class=\"link-more\"><a href=\"http:\/\/jcmassinon.com\/?page_id=40\" class=\"more-link\">Continuer la lecture<span class=\"screen-reader-text\"> de &laquo;&nbsp;Stardust, Lyc\u00e9e technique d\u2019Esch-sur-Alzette, 2009&nbsp;&raquo;<\/span><\/a><\/p>\n","protected":false},"author":1,"featured_media":0,"parent":110,"menu_order":3,"comment_status":"closed","ping_status":"closed","template":"","meta":[],"_links":{"self":[{"href":"http:\/\/jcmassinon.com\/index.php?rest_route=\/wp\/v2\/pages\/40"}],"collection":[{"href":"http:\/\/jcmassinon.com\/index.php?rest_route=\/wp\/v2\/pages"}],"about":[{"href":"http:\/\/jcmassinon.com\/index.php?rest_route=\/wp\/v2\/types\/page"}],"author":[{"embeddable":true,"href":"http:\/\/jcmassinon.com\/index.php?rest_route=\/wp\/v2\/users\/1"}],"replies":[{"embeddable":true,"href":"http:\/\/jcmassinon.com\/index.php?rest_route=%2Fwp%2Fv2%2Fcomments&post=40"}],"version-history":[{"count":2,"href":"http:\/\/jcmassinon.com\/index.php?rest_route=\/wp\/v2\/pages\/40\/revisions"}],"predecessor-version":[{"id":195,"href":"http:\/\/jcmassinon.com\/index.php?rest_route=\/wp\/v2\/pages\/40\/revisions\/195"}],"up":[{"embeddable":true,"href":"http:\/\/jcmassinon.com\/index.php?rest_route=\/wp\/v2\/pages\/110"}],"wp:attachment":[{"href":"http:\/\/jcmassinon.com\/index.php?rest_route=%2Fwp%2Fv2%2Fmedia&parent=40"}],"curies":[{"name":"wp","href":"https:\/\/api.w.org\/{rel}","templated":true}]}}