{"id":59,"date":"2021-09-13T17:11:20","date_gmt":"2021-09-13T15:11:20","guid":{"rendered":"http:\/\/jcmassinon.com\/?page_id=59"},"modified":"2021-09-16T17:30:26","modified_gmt":"2021-09-16T15:30:26","slug":"cant-wait-campagne-douverture-du-musee-dart-moderne-grand-duc-jean-mudam-luxembourg-2006","status":"publish","type":"page","link":"http:\/\/jcmassinon.com\/?page_id=59","title":{"rendered":"Can\u2019t wait, campagne d\u2019ouverture du Mus\u00e9e d\u2019art moderne Grand Duc Jean (Mudam), Luxembourg, 2006"},"content":{"rendered":"\r\n<p><img loading=\"lazy\" class=\"alignnone size-full wp-image-136\" src=\"http:\/\/jcmassinon.com\/wp-content\/uploads\/2021\/09\/unnamed-1.png\" alt=\"\" width=\"980\" height=\"677\" srcset=\"http:\/\/jcmassinon.com\/wp-content\/uploads\/2021\/09\/unnamed-1.png 980w, http:\/\/jcmassinon.com\/wp-content\/uploads\/2021\/09\/unnamed-1-300x207.png 300w, http:\/\/jcmassinon.com\/wp-content\/uploads\/2021\/09\/unnamed-1-768x531.png 768w\" sizes=\"(max-width: 706px) 89vw, (max-width: 767px) 82vw, 740px\" \/><\/p>\r\n<p>En collaboration avec l\u2019\u00e9quipe du Mudam et les graphistes berlinois Ott+Stein et Oliver Peters, Massinon a con\u00e7u la campagne d\u2019ouverture du Mudam \u00e0 Luxembourg, d\u00e9clinant sur tous supports les silhouettes des impatient\u00b7es qui attendent l\u2019ouverture du mus\u00e9e : le Grand Duc Jean, l\u2019\u00e9quipe du Mudam, les luxembourgeois, les animaux, les plantes vertes, tout&#8230;\u00a0<br \/>\u00ab Can\u2019t wait \u00bb est sa formule. Mais au plus fort de la tension qui r\u00e8gne quelques jours avant l\u2019inauguration du mus\u00e9e, il dessine, en marge des dessins officiels, \u00a0\u00ab Time is nothing \u00bb.<\/p>\r\n\r\n\r\n\r\n<p>La campagne d\u2019ouverture du Mudam a re\u00e7u un \u00ab Golden Award \u00bb aux International Museum Communication Awards (IMCA) en 2007.<\/p>\r\n\r\n\r\n\r\n<h2>Extrait des textes de pr\u00e9sentation du Mudam<\/h2>\r\n<p><em><strong>Can\u2019t wait<\/strong><\/em><br \/><em>Comme un app\u00e9tissant g\u00e2teau qu\u2019il est interdit de toucher, une formule 1 brid\u00e9e \u00e0 90 kilom\u00e8tres heure ou une princesse dans l\u2019impossibilit\u00e9 d\u2019embrasser la grenouille par on ne sait quel sortil\u00e8ge, nous regardions les portes du Mus\u00e9e qui restaient d\u00e9sesp\u00e9r\u00e9ment closes. Cet \u00e9tat de frustration intense faisait monter, ann\u00e9e apr\u00e8s ann\u00e9e, un tel d\u00e9sir que la seule et unique phrase possible \u00e0 d\u00e9clarer \u00e9tait : Can\u2019t Wait!<br \/><\/em><em>C\u2019est avec un app\u00e9tit optimiste que Massinon a, pour la premi\u00e8re fois, dans le Mudam Almanach 2000-2004, fait dire \u00e0 ses personnages cette ultime supplication : Can\u2019t Wait!<br \/><\/em><em>Lorsqu\u2019enfin, fin 2005, la perspective d\u2019ouverture du Mus\u00e9e vit le jour, Can\u2019t Wait! se r\u00e9v\u00e8la \u00eatre le cri de ralliement de tous ceux pour qui la patience avait atteint les limites du supportable. Massinon et toute l\u2019\u00e9quipe du Mudam d\u00e9cid\u00e8rent de faire de cette courte phrase le symbole et l\u2019axe principal de la campagne d\u2019ouverture du Mus\u00e9e. <br \/>Le \u201cCan\u2019t Wait ! Project\u201c est n\u00e9.<\/em><\/p>\r\n<p><em>Le Mus\u00e9e d\u2019Art Moderne Grand-Duc Jean, Mudam Luxembourg, s\u2019est vu attribuer un \u00ab Golden Award \u00bb aux prestigieux International Museum Communication Awards (IMCA). Lors de la remise des prix, le 29 novembre 2007 \u00e0 Bruxelles, Mudam a re\u00e7u la plus haute distinction dans la cat\u00e9gorie \u00ab Corporate Design \u00bb pour sa campagne de communication \u00ab Can\u2019t Wait ! \u00bb. Cette derni\u00e8re a \u00e9t\u00e9 r\u00e9alis\u00e9e pour l\u2019ouverture du mus\u00e9e en juillet 2006 par l\u2019\u00e9quipe Mudam en collaboration avec les graphistes Ott+Stein, Oliver Peters et l\u2019artiste Jean-Christophe Massinon.<\/em><\/p>\r\n<p><em>\r\n\r\n\r\n\r\n<\/em><\/p>\r\n<p><em>\r\n\r\n<\/em><\/p>\r\n<p><em>\r\n\r\n<\/em><\/p>\r\n<p><em>***<\/em><\/p>\r\n<p><em>\r\n\r\n<\/em><\/p>\r\n<p><em>Like an appetising cake that you are forbidden to touch, a Formula 1 car limited to 90 kilometres an hour, or a princess unable to kiss her frog because of some magic spell, we would look at the museum doors which stayed hopelessly closed. This state of intense frustration gave rise, year after year, to such a longing that the one and only possible phrase to describe it was: Can\u2019t Wait!<\/em><\/p>\r\n<p><em>\r\n\r\n<\/em><\/p>\r\n<p><em>It was with an optimistic appetite that Massinon, for the first time, in the Mudam Almanach 2000-2004, made these characters utter the ultimate supplication: Can\u2019t Wait!\u00a0 When finally, at the end of the year 2005, the prospect of the Museum opening saw the light, Can\u2019t Wait! proved to be the rallying cry for everybody whose patience had reached its absolut limit. Massinon and all the Mudam team decided to make this short phrase the symbol and key main line of the Museum\u2019s opening campaign.<\/em><\/p>\r\n<p><em>\r\n\r\n<\/em><\/p>\r\n<p><em>\r\n\r\n<\/em><\/p>\r\n<p><em>The Mus\u00e9e d\u2019Art Moderne Grand-Duc Jean, Mudam Luxembourg, has had the honor to receive a \u201cGolden Award\u201d at the International Museum Communication Awards (IMCA). Mudam received this highest distinction in Brussels, on November 29th, 2007, in the \u201cCorporate Design\u201d- category for its \u201cCan\u2019t Wait!\u201d communication campaign. This campaign was realized for the opening of the museum in July 2006 by the Mudam team, in collaboration with the graphic designers Ott+Stein, Oliver Peters and the artist Jean-Christophe Massinon.<\/em><\/p>\r\n<p><em>\r\n\r\n<\/em><\/p>\r\n<p><em>Commentary reported by the President of the Grand Jury Damien Whitmore, Director of Programming, Victoria &amp; Albert Museum, London: \u201cThe Jury felt that this is a sensational campaign (Can\u2019t wait). It is immediately arresting with fantastic use of type and images. It transforms the traditional nature of a campaign and turns it into something exotic and interesting. Beautifully produced, strong, punchy and fabulous.\u201d<\/em><\/p>\r\n\r\n\r\n\r\n<p><a href=\"http:\/\/www.mudam.lu\/\">Le site du Mudam<\/a><br \/><a href=\"http:\/\/www.flickr.com\/photos\/jcmassinon\/sets\/72157629259435215\/\">L\u2019album Can\u2019t wait<\/a><br \/><a href=\"http:\/\/www.paperjam.lu\/archives\/2007\/12\/NL_0712_IMCA\/index.html\">L\u2019article de Val\u00e9rie Conrot dans <em>Paperjam<\/em> \u00e0 propos de Can\u2019t wait<\/a><\/p>\r\n\r\n\r\n\r\n\r\n\r\n\r\n","protected":false},"excerpt":{"rendered":"<p>En collaboration avec l\u2019\u00e9quipe du Mudam et les graphistes berlinois Ott+Stein et Oliver Peters, Massinon a con\u00e7u la campagne d\u2019ouverture du Mudam \u00e0 Luxembourg, d\u00e9clinant sur tous supports les silhouettes des impatient\u00b7es qui attendent l\u2019ouverture du mus\u00e9e : le Grand Duc Jean, l\u2019\u00e9quipe du Mudam, les luxembourgeois, les animaux, les plantes vertes, tout&#8230;\u00a0\u00ab Can\u2019t wait &hellip; <\/p>\n<p class=\"link-more\"><a href=\"http:\/\/jcmassinon.com\/?page_id=59\" class=\"more-link\">Continuer la lecture<span class=\"screen-reader-text\"> de &laquo;&nbsp;Can\u2019t wait, campagne d\u2019ouverture du Mus\u00e9e d\u2019art moderne Grand Duc Jean (Mudam), Luxembourg, 2006&nbsp;&raquo;<\/span><\/a><\/p>\n","protected":false},"author":1,"featured_media":0,"parent":57,"menu_order":1,"comment_status":"closed","ping_status":"closed","template":"","meta":[],"_links":{"self":[{"href":"http:\/\/jcmassinon.com\/index.php?rest_route=\/wp\/v2\/pages\/59"}],"collection":[{"href":"http:\/\/jcmassinon.com\/index.php?rest_route=\/wp\/v2\/pages"}],"about":[{"href":"http:\/\/jcmassinon.com\/index.php?rest_route=\/wp\/v2\/types\/page"}],"author":[{"embeddable":true,"href":"http:\/\/jcmassinon.com\/index.php?rest_route=\/wp\/v2\/users\/1"}],"replies":[{"embeddable":true,"href":"http:\/\/jcmassinon.com\/index.php?rest_route=%2Fwp%2Fv2%2Fcomments&post=59"}],"version-history":[{"count":5,"href":"http:\/\/jcmassinon.com\/index.php?rest_route=\/wp\/v2\/pages\/59\/revisions"}],"predecessor-version":[{"id":331,"href":"http:\/\/jcmassinon.com\/index.php?rest_route=\/wp\/v2\/pages\/59\/revisions\/331"}],"up":[{"embeddable":true,"href":"http:\/\/jcmassinon.com\/index.php?rest_route=\/wp\/v2\/pages\/57"}],"wp:attachment":[{"href":"http:\/\/jcmassinon.com\/index.php?rest_route=%2Fwp%2Fv2%2Fmedia&parent=59"}],"curies":[{"name":"wp","href":"https:\/\/api.w.org\/{rel}","templated":true}]}}