{"id":70,"date":"2021-09-13T17:25:01","date_gmt":"2021-09-13T15:25:01","guid":{"rendered":"http:\/\/jcmassinon.com\/?page_id=70"},"modified":"2022-01-15T11:56:04","modified_gmt":"2022-01-15T10:56:04","slug":"non-elections-presidentielles-2002","status":"publish","type":"page","link":"http:\/\/jcmassinon.com\/?page_id=70","title":{"rendered":"NON,  \u00c9lections pr\u00e9sidentielles, 2002"},"content":{"rendered":"\r\n<p><img loading=\"lazy\" class=\"alignnone size-full wp-image-143\" src=\"http:\/\/jcmassinon.com\/wp-content\/uploads\/2021\/09\/unnamed-5-1.jpg\" alt=\"\" width=\"599\" height=\"364\" srcset=\"http:\/\/jcmassinon.com\/wp-content\/uploads\/2021\/09\/unnamed-5-1.jpg 599w, http:\/\/jcmassinon.com\/wp-content\/uploads\/2021\/09\/unnamed-5-1-300x182.jpg 300w\" sizes=\"(max-width: 599px) 100vw, 599px\" \/>Le logo-manifeste <em>NON<\/em> anti-Front National dormait dans les cartons depuis quelques mois. Il attendait son heure : le soir du r\u00e9sultat du 1er tour des \u00e9lections pr\u00e9sidentielles fran\u00e7aises de mai 2002, quand Jean-Christophe Massinon le diffuse \u00e0 l\u2019ensemble de son carnet d\u2019adresse \u00e9lectronique. Le logo se propage rapidement via Internet puis, photocopi\u00e9 par ramettes enti\u00e8res, dans les manifestations entre les deux tours, et devient un des symboles de la contestation anti-Le Pen. <br \/>Ce simple dessin r\u00e9sume \u00e0 lui seul le sens de la formule et de la synth\u00e8se graphique de Massinon. <em>NON<\/em> s\u2019inscrit aussi dans une s\u00e9rie de dessins num\u00e9riques que l\u2019artiste produisait en r\u00e9action \u00e0 des faits d\u2019actualit\u00e9s : Obama acc\u00e9dant \u00e0 la pr\u00e9sidence, le boycott des Jeux Olympiques de P\u00e9kin par le Dalai Lama, la police entrant dans les \u00e9coles \u00e0 la recherche des enfants de familles sans-papiers\u2026 Certains ont \u00e9t\u00e9 mis en ligne via le blog tenu par Massinon \u00e0 partir de 2007. D\u2019autres ont donn\u00e9 lieu \u00e0 des s\u00e9ries d\u2019\u0153uvres peintes telles que les policiers en groupe ou les hommes politiques en train s\u2019adressant au public. Les variations sur les th\u00e8mes du pouvoir et de sa remise en question sont une constante dans le travail de Massinon.<\/p>\r\n\r\n\r\n\r\n<p>En 2009, Massinon a actualis\u00e9 <em>NON<\/em> en l\u2019affublant d\u2019une perruque blonde. Il a intitul\u00e9 cette nouvelle version <em>Toujours NON<\/em>.<\/p>\r\n\r\n\r\n\r\n<p>En 2012, <em>NON<\/em> a \u00e9t\u00e9 pr\u00e9sent\u00e9 \u00e0 l\u2019exposition TRACTS, consacr\u00e9e aux tracts d\u2019artistes, au Cabinet du livre d\u2019artiste, Campus Villejean, Universit\u00e9 Rennes 2.<\/p>\r\n<p>En 2015, <em>NON<\/em> est pr\u00e9sent\u00e9 \u00e0 l&rsquo;exposition \u00ab\u00a0<a href=\"https:\/\/www.casino-luxembourg.lu\/fr\/expositions\/resolute-design-changes\">R\u00e9solute. Design Changes<\/a>\u00a0\u00bb au Casino Luxembourg.<\/p>\r\n<p>&nbsp;<\/p>\r\n\r\n\r\n\r\n<p><a href=\"http:\/\/www.flickr.com\/photos\/jcmassinon\/sets\/72157629259671527\/\">L\u2019album NON<\/a><br \/><a href=\"http:\/\/www.flickr.com\/photos\/jcmassinon\/sets\/72157629213157461\/\">L\u2019album Power<\/a><br \/><a href=\"http:\/\/www.flickr.com\/photos\/jcmassinon\/sets\/72157629439834665\/\">L\u2019album Political<\/a><\/p>\r\n","protected":false},"excerpt":{"rendered":"<p>Le logo-manifeste NON anti-Front National dormait dans les cartons depuis quelques mois. Il attendait son heure : le soir du r\u00e9sultat du 1er tour des \u00e9lections pr\u00e9sidentielles fran\u00e7aises de mai 2002, quand Jean-Christophe Massinon le diffuse \u00e0 l\u2019ensemble de son carnet d\u2019adresse \u00e9lectronique. Le logo se propage rapidement via Internet puis, photocopi\u00e9 par ramettes enti\u00e8res, &hellip; <\/p>\n<p class=\"link-more\"><a href=\"http:\/\/jcmassinon.com\/?page_id=70\" class=\"more-link\">Continuer la lecture<span class=\"screen-reader-text\"> de &laquo;&nbsp;NON,  \u00c9lections pr\u00e9sidentielles, 2002&nbsp;&raquo;<\/span><\/a><\/p>\n","protected":false},"author":1,"featured_media":0,"parent":57,"menu_order":3,"comment_status":"closed","ping_status":"closed","template":"","meta":[],"_links":{"self":[{"href":"http:\/\/jcmassinon.com\/index.php?rest_route=\/wp\/v2\/pages\/70"}],"collection":[{"href":"http:\/\/jcmassinon.com\/index.php?rest_route=\/wp\/v2\/pages"}],"about":[{"href":"http:\/\/jcmassinon.com\/index.php?rest_route=\/wp\/v2\/types\/page"}],"author":[{"embeddable":true,"href":"http:\/\/jcmassinon.com\/index.php?rest_route=\/wp\/v2\/users\/1"}],"replies":[{"embeddable":true,"href":"http:\/\/jcmassinon.com\/index.php?rest_route=%2Fwp%2Fv2%2Fcomments&post=70"}],"version-history":[{"count":6,"href":"http:\/\/jcmassinon.com\/index.php?rest_route=\/wp\/v2\/pages\/70\/revisions"}],"predecessor-version":[{"id":430,"href":"http:\/\/jcmassinon.com\/index.php?rest_route=\/wp\/v2\/pages\/70\/revisions\/430"}],"up":[{"embeddable":true,"href":"http:\/\/jcmassinon.com\/index.php?rest_route=\/wp\/v2\/pages\/57"}],"wp:attachment":[{"href":"http:\/\/jcmassinon.com\/index.php?rest_route=%2Fwp%2Fv2%2Fmedia&parent=70"}],"curies":[{"name":"wp","href":"https:\/\/api.w.org\/{rel}","templated":true}]}}